{"id":3269,"date":"2021-04-16T16:30:08","date_gmt":"2021-04-16T19:30:08","guid":{"rendered":"https:\/\/realestate.cartaopro.com\/?page_id=3269"},"modified":"2022-02-16T17:47:00","modified_gmt":"2022-02-16T20:47:00","slug":"privacy","status":"publish","type":"page","link":"https:\/\/work.cartaopro.com\/marcelo\/privacy\/","title":{"rendered":"Privacidade &#038; Cookies"},"content":{"rendered":"\t\t<div data-elementor-type=\"wp-page\" data-elementor-id=\"3269\" class=\"elementor elementor-3269\" data-elementor-settings=\"{&quot;element_pack_global_tooltip_width&quot;:{&quot;unit&quot;:&quot;px&quot;,&quot;size&quot;:&quot;&quot;,&quot;sizes&quot;:[]},&quot;element_pack_global_tooltip_width_tablet&quot;:{&quot;unit&quot;:&quot;px&quot;,&quot;size&quot;:&quot;&quot;,&quot;sizes&quot;:[]},&quot;element_pack_global_tooltip_width_mobile&quot;:{&quot;unit&quot;:&quot;px&quot;,&quot;size&quot;:&quot;&quot;,&quot;sizes&quot;:[]},&quot;element_pack_global_tooltip_padding&quot;:{&quot;unit&quot;:&quot;px&quot;,&quot;top&quot;:&quot;&quot;,&quot;right&quot;:&quot;&quot;,&quot;bottom&quot;:&quot;&quot;,&quot;left&quot;:&quot;&quot;,&quot;isLinked&quot;:true},&quot;element_pack_global_tooltip_padding_tablet&quot;:{&quot;unit&quot;:&quot;px&quot;,&quot;top&quot;:&quot;&quot;,&quot;right&quot;:&quot;&quot;,&quot;bottom&quot;:&quot;&quot;,&quot;left&quot;:&quot;&quot;,&quot;isLinked&quot;:true},&quot;element_pack_global_tooltip_padding_mobile&quot;:{&quot;unit&quot;:&quot;px&quot;,&quot;top&quot;:&quot;&quot;,&quot;right&quot;:&quot;&quot;,&quot;bottom&quot;:&quot;&quot;,&quot;left&quot;:&quot;&quot;,&quot;isLinked&quot;:true},&quot;element_pack_global_tooltip_border_radius&quot;:{&quot;unit&quot;:&quot;px&quot;,&quot;top&quot;:&quot;&quot;,&quot;right&quot;:&quot;&quot;,&quot;bottom&quot;:&quot;&quot;,&quot;left&quot;:&quot;&quot;,&quot;isLinked&quot;:true},&quot;element_pack_global_tooltip_border_radius_tablet&quot;:{&quot;unit&quot;:&quot;px&quot;,&quot;top&quot;:&quot;&quot;,&quot;right&quot;:&quot;&quot;,&quot;bottom&quot;:&quot;&quot;,&quot;left&quot;:&quot;&quot;,&quot;isLinked&quot;:true},&quot;element_pack_global_tooltip_border_radius_mobile&quot;:{&quot;unit&quot;:&quot;px&quot;,&quot;top&quot;:&quot;&quot;,&quot;right&quot;:&quot;&quot;,&quot;bottom&quot;:&quot;&quot;,&quot;left&quot;:&quot;&quot;,&quot;isLinked&quot;:true}}\" data-elementor-post-type=\"page\">\n\t\t\t\t\t\t<section class=\"elementor-section elementor-top-section elementor-element elementor-element-6709d05 elementor-section-boxed elementor-section-height-default elementor-section-height-default\" data-id=\"6709d05\" data-element_type=\"section\">\n\t\t\t\t\t\t<div class=\"elementor-container elementor-column-gap-default\">\n\t\t\t\t\t<div class=\"elementor-column elementor-col-100 elementor-top-column elementor-element elementor-element-5e81dac\" data-id=\"5e81dac\" data-element_type=\"column\">\n\t\t\t<div class=\"elementor-widget-wrap elementor-element-populated\">\n\t\t\t\t\t\t<div class=\"elementor-element elementor-element-26500af elementor-widget elementor-widget-heading\" data-id=\"26500af\" data-element_type=\"widget\" data-widget_type=\"heading.default\">\n\t\t\t\t<div class=\"elementor-widget-container\">\n\t\t\t\t\t<h2 class=\"elementor-heading-title elementor-size-default\">Pol\u00edtica de Privacidade &amp; Cookies<\/h2>\t\t\t\t<\/div>\n\t\t\t\t<\/div>\n\t\t\t\t<div class=\"elementor-element elementor-element-f5a270a elementor-widget elementor-widget-text-editor\" data-id=\"f5a270a\" data-element_type=\"widget\" data-widget_type=\"text-editor.default\">\n\t\t\t\t<div class=\"elementor-widget-container\">\n\t\t\t\t\t\t\t\t\t<p>A Cart\u00e3o PRO sabe o quanto \u00e9 importante para voc\u00ea conhecer e estar seguro sobre a utiliza\u00e7\u00e3o dos seus dados pessoais. Por isso, nos preocupamos em esclarecer e divulgar nossa pol\u00edtica de utiliza\u00e7\u00e3o dessas informa\u00e7\u00f5es. Assim, voc\u00ea poder\u00e1 entender melhor quais informa\u00e7\u00f5es obtemos e como as utilizamos. Esta pol\u00edtica de privacidade e uso de cookies s\u00e3o referentes a este Micro Site (Cart\u00e3o de Visita Digital). Para assegurar regras claras e precisas, a Cart\u00e3o PRO pode alterar essa pol\u00edtica de tempos em tempos, e sendo assim, recomenda sua leitura periodicamente.<\/p>\n<p><strong>Seus dados est\u00e3o seguros<\/strong><\/p>\n<p>Esta pol\u00edtica de privacidade e uso de cookies s\u00e3o referentes a este Micro Site (Cart\u00e3o de Visita Digital) como parte dos servi\u00e7os fornecidos pela Cart\u00e3o PRO neste Cart\u00e3o de Visita Digital (Micro Site) e\/ou na administra\u00e7\u00e3o e gerenciamento de servi\u00e7os. O Portal da Cart\u00e3o PRO (bionb.com.br, cartaopro.com ou mobiz.app.br) preocupa-se com a privacidade e a seguran\u00e7a de todos aqueles que o visitam e garante a prote\u00e7\u00e3o da privacidade das informa\u00e7\u00f5es pessoais coletadas durante a navega\u00e7\u00e3o por suas p\u00e1ginas. Esta pol\u00edtica de privacidade tem o objetivo de esclarecer o p\u00fablico de maneira clara e transparente, como s\u00e3o utilizadas as informa\u00e7\u00f5es obtidas.<\/p>\n<p><strong>Que tipo de informa\u00e7\u00f5es obtemos:<\/strong><\/p>\n<p>As informa\u00e7\u00f5es solicitadas aos usu\u00e1rios restringem-se apenas \u00e0s necess\u00e1rias \u00e0 manuten\u00e7\u00e3o e ao aprimoramento dos servi\u00e7os prestados, tais como: nome, e-mail e telefone. Elas s\u00e3o utilizadas com o objetivo de personalizar os conte\u00fados de acordo com o perfil do internauta e suas necessidades, facilitando o acesso aos servi\u00e7os de seu interesse.<\/p>\n<p>Todas as informa\u00e7\u00f5es s\u00e3o fornecidas voluntariamente pelo usu\u00e1rio e s\u00e3o coletadas em diferentes \u00e1reas sob a forma de: cadastro de identifica\u00e7\u00e3o de acesso ao portal, e-mails e formul\u00e1rios.<\/p>\n<p><strong>Como s\u00e3o utilizadas as informa\u00e7\u00f5es obtidas e com quem as suas informa\u00e7\u00f5es podem ser compartilhadas:<\/strong><\/p>\n<p>As informa\u00e7\u00f5es fornecidas s\u00e3o enviadas apenas \u00e0 Cart\u00e3o PRO, a n\u00e3o ser que expressamente autorizado pelo usu\u00e1rio de forma diversa. N\u00e3o fornecemos dados pessoais dos internautas a parceiros, patrocinadores, anunciantes e outros sites acessados atrav\u00e9s de links presentes no site da Cart\u00e3o PRO, o que o exime de qualquer responsabilidade pela utiliza\u00e7\u00e3o das informa\u00e7\u00f5es pessoais prestadas.<\/p>\n<p>Apenas os dados dos usu\u00e1rios j\u00e1 agrupados, resultantes de levantamentos estat\u00edsticos poder\u00e3o ser usados e divulgados com finalidade de exprimir de modo global as caracter\u00edsticas qualitativas e quantitativas gerais do p\u00fablico que frequenta o site Cart\u00e3o PRO. Nenhuma informa\u00e7\u00e3o pessoal \u00e9 comercializada. Resumidamente, as informa\u00e7\u00f5es fornecidas s\u00e3o utilizadas para:<\/p>\n<p>\u2013 Personalizar os conte\u00fados e servi\u00e7os dispon\u00edveis no site Cart\u00e3o PRO;<br \/>\n\u2013 Consolidar estat\u00edsticas;<br \/>\n\u2013 Desenvolver novos produtos, servi\u00e7os, se\u00e7\u00f5es, ou aperfei\u00e7oar as j\u00e1 existentes.<\/p>\n<p><strong>Os \u201ccookies\u201d e a sua utilidade<\/strong><\/p>\n<p>\u201cCookies\u201d s\u00e3o pequenos arquivos de texto coletados durante a navega\u00e7\u00e3o na Internet. Esses arquivos ficam gravados no computador do usu\u00e1rio e podem ser recuperados pelo site que o enviou durante a navega\u00e7\u00e3o. Utilizamos \u201ccookies\u201d para controle interno de audi\u00eancia, com objetivo de facilitar o acesso daqueles que j\u00e1 tiverem navegado no site Cart\u00e3o PRO em outra oportunidade.<\/p>\n<p>O navegador utilizado pelo usu\u00e1rio para acessar a Internet pode estar programado para n\u00e3o aceitar \u201ccookies\u201d, portanto, caso n\u00e3o deseje compartilhar cookies ele poder\u00e1 programar seu computador para recus\u00e1-los. \u00c9 importante salientar, no entanto, que o bloqueio de \u201ccookies\u201d pode dificultar o acesso a determinadas se\u00e7\u00f5es.<\/p>\n<p><strong>Google Analytics<\/strong><\/p>\n<p>Este site usa o Google Analytics, um servi\u00e7o de anal\u00edtica Web fornecido pelo Google, Inc. (\u201cGoogle\u201d). O Google Analytics utiliza \u201ccookies\u201d, que s\u00e3o arquivos de texto colocados no seu computador, para ajudar o site a analisar como os usu\u00e1rios o utilizam.<\/p>\n<p>A informa\u00e7\u00e3o gerada pelo cookie sobre a sua utiliza\u00e7\u00e3o do cart\u00e3o de visita digital (incluindo o seu endere\u00e7o IP) ser\u00e3o transmitidas e armazenadas pelo Google nos servidores nos Estados Unidos. O Google vai usar esta informa\u00e7\u00e3o com a finalidade de avaliar a utiliza\u00e7\u00e3o do cart\u00e3o de visita digital, compilando relat\u00f3rios sobre os acessos ao cart\u00e3o e fornecer outros servi\u00e7os relativos a atividade do micro site e uso da internet. O Google pode igualmente transferir esta informa\u00e7\u00e3o a terceiros quando obrigado a faz\u00ea-lo por lei, ou caso tais terceiros processem a informa\u00e7\u00e3o em nome do Google. O Google n\u00e3o associar\u00e1 o seu endere\u00e7o IP com quaisquer outros dados armazenados pelo Google. Voc\u00ea pode recusar o uso de cookies nas configura\u00e7\u00f5es do seu navegador, no entanto, por favor, note que se voc\u00ea fizer isso voc\u00ea n\u00e3o poder\u00e1 usar todas as funcionalidades deste site. Ao utilizar este site, voc\u00ea concorda com o processamento de dados pelo Google, na forma e para os efeitos descritos acima.<\/p>\n<p>Para mais informa\u00e7\u00f5es sobre a pol\u00edtica de privacidade relacionadas ao Google Analytics, por favor, acesse: www.google.com\/analytics\/<\/p>\n<p><strong>Pol\u00edtica de seguran\u00e7a<\/strong><\/p>\n<p>O site Cart\u00e3o PRO utiliza medidas tecnol\u00f3gicas de ponta a fim de assegurar a privacidade das informa\u00e7\u00f5es pessoais fornecidas pelo cliente. Essa tecnologia \u00e9 capaz de proteger os dados fornecidos, evitando a perda, o uso indevido, as poss\u00edveis altera\u00e7\u00f5es e o acesso n\u00e3o autorizado.<\/p>\n<p>Periodicamente, avaliamos os procedimentos de seguran\u00e7a e privacidade adotados, buscando proteger as suas informa\u00e7\u00f5es pessoais. Algumas \u00e1reas s\u00e3o criptografadas (codificadas), sendo acessadas somente atrav\u00e9s de senha pessoal decodificada dentro da sua pr\u00f3pria m\u00e1quina e todas as \u00e1reas restritas possuem certificado digital de seguran\u00e7a.<\/p>\n<p>Apesar da ado\u00e7\u00e3o de todas estas medidas, n\u00e3o \u00e9 poss\u00edvel garantir 100% de seguran\u00e7a nas transmiss\u00f5es via Internet, assim sendo, trata-se de uma decis\u00e3o pessoal o fornecimento de dados pessoais.<\/p>\n<p><strong>A privacidade das crian\u00e7as<\/strong><\/p>\n<p>O site Cart\u00e3o PRO recomenda que o acesso a internet para os menores de idade seja supervisionado ativamente pelos pais ou respons\u00e1veis, para que as informa\u00e7\u00f5es ali obtidas possam resultar em crescimento de sua forma\u00e7\u00e3o cultural e \u00e9tica, assim como para que estejam protegidas do ponto de vista pessoal no que se refere ao fornecimento de informa\u00e7\u00f5es de car\u00e1ter pessoal. Com estes objetivos, o Portal Cart\u00e3o PRO adotou as seguintes medidas especiais para proteger a privacidade de seus usu\u00e1rios menores de 18 anos:<br \/>\n\u2013 Os menores de 18 anos n\u00e3o dever\u00e3o remeter aos sites do Portal Cart\u00e3o PRO nenhum tipo de Informa\u00e7\u00e3o pessoal sem o consentimento pr\u00e9vio de seus pais ou representantes;<br \/>\n\u2013 Os usu\u00e1rios menores de 18 anos n\u00e3o poder\u00e3o estar registrados nos sites do Portal Cart\u00e3o PRO por sua pr\u00f3pria conta e s\u00f3 poder\u00e3o ser registrados por seus pais ou tutores;<br \/>\n\u2013 Se um menor de 18 anos devidamente registrado segundo o disposto no par\u00e1grafo que antecede ganhar um concurso, a notifica\u00e7\u00e3o e o pr\u00eamio ser\u00e3o enviados aos pais ou representantes que tiverem feito o registro do usu\u00e1rio menor;<br \/>\n\u2013 Nenhum tipo de informa\u00e7\u00e3o pessoal sobre menores de 18 anos ser\u00e1 utilizada pelo Portal Cart\u00e3o PRO com fins promocionais ou de marketing, dentro ou fora do portal.<\/p>\n<p>Outras informa\u00e7\u00f5es sobre privacidade na Internet<\/p>\n<p>\u2013 Como podem ser realizadas altera\u00e7\u00f5es na Pol\u00edtica de Privacidade do Portal Cart\u00e3o PRO, recomendamos uma leitura peri\u00f3dica da mesma;<br \/>\n\u2013 \u00c9 recomend\u00e1vel que n\u00e3o sejam fornecidas as senhas pessoais de acesso a \u00e1reas restritas a terceiros e que senhas que possam ser facilmente descobertas sejam evitadas;<br \/>\n\u2013 As mensagens via e-mail s\u00e3o feitas apenas \u00e0queles que voluntariamente tiverem fornecido seu endere\u00e7o eletr\u00f4nico e poder\u00e3o ser interrompidas por solicita\u00e7\u00e3o do usu\u00e1rio.<\/p>\n<p>D\u00favidas, esclarecimentos adicionais ou sugest\u00f5es podem ser enviadas para o e-mail suporte@cartaopro.com.<\/p>\n\t\t\t\t\t\t\t\t<\/div>\n\t\t\t\t<\/div>\n\t\t\t\t\t<\/div>\n\t\t<\/div>\n\t\t\t\t\t<\/div>\n\t\t<\/section>\n\t\t\t\t<\/div>\n\t\t","protected":false},"excerpt":{"rendered":"","protected":false},"author":1,"featured_media":0,"parent":0,"menu_order":0,"comment_status":"closed","ping_status":"closed","template":"","meta":{"footnotes":""},"class_list":["post-3269","page","type-page","status-publish","hentry"],"_links":{"self":[{"href":"https:\/\/work.cartaopro.com\/marcelo\/wp-json\/wp\/v2\/pages\/3269","targetHints":{"allow":["GET"]}}],"collection":[{"href":"https:\/\/work.cartaopro.com\/marcelo\/wp-json\/wp\/v2\/pages"}],"about":[{"href":"https:\/\/work.cartaopro.com\/marcelo\/wp-json\/wp\/v2\/types\/page"}],"author":[{"embeddable":true,"href":"https:\/\/work.cartaopro.com\/marcelo\/wp-json\/wp\/v2\/users\/1"}],"replies":[{"embeddable":true,"href":"https:\/\/work.cartaopro.com\/marcelo\/wp-json\/wp\/v2\/comments?post=3269"}],"version-history":[{"count":0,"href":"https:\/\/work.cartaopro.com\/marcelo\/wp-json\/wp\/v2\/pages\/3269\/revisions"}],"wp:attachment":[{"href":"https:\/\/work.cartaopro.com\/marcelo\/wp-json\/wp\/v2\/media?parent=3269"}],"curies":[{"name":"wp","href":"https:\/\/api.w.org\/{rel}","templated":true}]}}